{"id":557,"date":"2022-01-05T15:10:52","date_gmt":"2022-01-05T14:10:52","guid":{"rendered":"https:\/\/www.jamonespinela.es\/?page_id=557"},"modified":"2022-10-11T18:04:36","modified_gmt":"2022-10-11T16:04:36","slug":"jamon-de-bellota-iberico-50-o-100-raza-iberica","status":"publish","type":"page","link":"https:\/\/www.jamonespinela.es\/en\/jamon-de-bellota-iberico-50-o-100-raza-iberica\/","title":{"rendered":"(Espa\u00f1ol) Jam\u00f3n de Bellota Ib\u00e9rico 50% o 100% Raza Ib\u00e9rica"},"content":{"rendered":"<p class=\"qtranxs-available-languages-message qtranxs-available-languages-message-en\">Sorry, this entry is only available in <a href=\"https:\/\/www.jamonespinela.es\/es\/wp-json\/wp\/v2\/pages\/557\" class=\"qtranxs-available-language-link qtranxs-available-language-link-es\" title=\"Espa\u00f1ol\">Espa\u00f1ol<\/a>.<\/p>","protected":false},"excerpt":{"rendered":"<p>Sorry, this entry is only available in Espa\u00f1ol.<\/p>\n","protected":false},"author":2,"featured_media":0,"parent":0,"menu_order":0,"comment_status":"closed","ping_status":"closed","template":"","meta":{"footnotes":""},"class_list":["post-557","page","type-page","status-publish","hentry"],"_links":{"self":[{"href":"https:\/\/www.jamonespinela.es\/en\/wp-json\/wp\/v2\/pages\/557","targetHints":{"allow":["GET"]}}],"collection":[{"href":"https:\/\/www.jamonespinela.es\/en\/wp-json\/wp\/v2\/pages"}],"about":[{"href":"https:\/\/www.jamonespinela.es\/en\/wp-json\/wp\/v2\/types\/page"}],"author":[{"embeddable":true,"href":"https:\/\/www.jamonespinela.es\/en\/wp-json\/wp\/v2\/users\/2"}],"replies":[{"embeddable":true,"href":"https:\/\/www.jamonespinela.es\/en\/wp-json\/wp\/v2\/comments?post=557"}],"version-history":[{"count":2,"href":"https:\/\/www.jamonespinela.es\/en\/wp-json\/wp\/v2\/pages\/557\/revisions"}],"predecessor-version":[{"id":647,"href":"https:\/\/www.jamonespinela.es\/en\/wp-json\/wp\/v2\/pages\/557\/revisions\/647"}],"wp:attachment":[{"href":"https:\/\/www.jamonespinela.es\/en\/wp-json\/wp\/v2\/media?parent=557"}],"curies":[{"name":"wp","href":"https:\/\/api.w.org\/{rel}","templated":true}]}}