{"id":328,"date":"2020-11-28T18:59:58","date_gmt":"2020-11-28T17:59:58","guid":{"rendered":"https:\/\/www.jamonespinela.es\/?post_type=product&#038;p=328"},"modified":"2025-07-24T10:19:53","modified_gmt":"2025-07-24T08:19:53","slug":"jamon-de-cebo-iberico","status":"publish","type":"product","link":"https:\/\/www.jamonespinela.es\/en\/producto\/jamon-de-cebo-iberico\/","title":{"rendered":"(Espa\u00f1ol) Jam\u00f3n de Cebo Ib\u00e9rico 50% Raza Ib\u00e9rica"},"content":{"rendered":"<p class=\"qtranxs-available-languages-message qtranxs-available-languages-message-en\">Sorry, this entry is only available in <a href=\"https:\/\/www.jamonespinela.es\/es\/wp-json\/wp\/v2\/product\/328\" class=\"qtranxs-available-language-link qtranxs-available-language-link-es\" title=\"Espa\u00f1ol\">Espa\u00f1ol<\/a>.<\/p>","protected":false},"excerpt":{"rendered":"<p class=\"qtranxs-available-languages-message qtranxs-available-languages-message-en\">Sorry, this entry is only available in <a href=\"https:\/\/www.jamonespinela.es\/es\/wp-json\/wp\/v2\/product\/328\" class=\"qtranxs-available-language-link qtranxs-available-language-link-es\" title=\"Espa\u00f1ol\">Espa\u00f1ol<\/a>.<\/p>\n","protected":false},"featured_media":299,"template":"","meta":[],"product_brand":[],"product_cat":[18],"product_tag":[],"class_list":{"0":"post-328","1":"product","2":"type-product","3":"status-publish","4":"has-post-thumbnail","6":"product_cat-ibericos","8":"first","9":"instock","10":"shipping-taxable","11":"purchasable","12":"product-type-variable"},"_links":{"self":[{"href":"https:\/\/www.jamonespinela.es\/en\/wp-json\/wp\/v2\/product\/328","targetHints":{"allow":["GET"]}}],"collection":[{"href":"https:\/\/www.jamonespinela.es\/en\/wp-json\/wp\/v2\/product"}],"about":[{"href":"https:\/\/www.jamonespinela.es\/en\/wp-json\/wp\/v2\/types\/product"}],"wp:featuredmedia":[{"embeddable":true,"href":"https:\/\/www.jamonespinela.es\/en\/wp-json\/wp\/v2\/media\/299"}],"wp:attachment":[{"href":"https:\/\/www.jamonespinela.es\/en\/wp-json\/wp\/v2\/media?parent=328"}],"wp:term":[{"taxonomy":"product_brand","embeddable":true,"href":"https:\/\/www.jamonespinela.es\/en\/wp-json\/wp\/v2\/product_brand?post=328"},{"taxonomy":"product_cat","embeddable":true,"href":"https:\/\/www.jamonespinela.es\/en\/wp-json\/wp\/v2\/product_cat?post=328"},{"taxonomy":"product_tag","embeddable":true,"href":"https:\/\/www.jamonespinela.es\/en\/wp-json\/wp\/v2\/product_tag?post=328"}],"curies":[{"name":"wp","href":"https:\/\/api.w.org\/{rel}","templated":true}]}}