{"id":138,"date":"2015-06-08T14:57:58","date_gmt":"2015-06-08T12:57:58","guid":{"rendered":"http:\/\/jamonespinela.integrasoft.es\/?page_id=138"},"modified":"2021-02-09T09:25:50","modified_gmt":"2021-02-09T08:25:50","slug":"lomo-de-cebo-iberico","status":"publish","type":"page","link":"https:\/\/www.jamonespinela.es\/fr\/lomo-de-cebo-iberico\/","title":{"rendered":"Lomo Ib\u00e9rique"},"content":{"rendered":"<p>[vc_row][vc_column width=\u00a0\u00bb1\/1&Prime;][vc_row_inner][vc_column_inner width=\u00a0\u00bb1\/1&Prime;][vc_column_text]<div class=\"rt_heading_wrapper style-5\">\n\t\t\t\t\t\t<h3 class=\"rt_heading  style-5\" >Lomo Ib\u00e9rique<\/h3>\n\t\t\t\t\t<\/div>[\/vc_column_text][\/vc_column_inner][\/vc_row_inner][vc_row_inner][vc_column_inner width=\u00a0\u00bb1\/2&Prime;][vc_column_text]\n\t\t\t<!-- START Lom REVOLUTION SLIDER 6.7.34 --><p class=\"rs-p-wp-fix\"><\/p>\n\t\t\t<rs-module-wrap id=\"rev_slider_7_3_wrapper\" data-source=\"gallery\" style=\"visibility:hidden;background:#E9E9E9;padding:0;margin:0px auto;margin-top:0;margin-bottom:0;\">\n\t\t\t\t<rs-module id=\"rev_slider_7_3\" style=\"\" data-version=\"6.7.34\">\n\t\t\t\t\t<rs-slides style=\"overflow: hidden; position: absolute;\">\n\t\t\t\t\t\t<rs-slide style=\"position: absolute;\" data-key=\"rs-31\" data-title=\"Slide\" data-link=\"\/lomo-de-cebo-iberico\" data-tag=\"l\" data-target=\"_self\" data-seoz=\"front\" data-duration=\"4000\" data-anim=\"ms:1500;\" data-in=\"x:100%;\">\n\t\t\t\t\t\t\t<img decoding=\"async\" src=\"\/\/www.jamonespinela.es\/wp-content\/plugins\/revslider\/sr6\/assets\/assets\/dummy.png\" alt=\"\" title=\"Lomo Ib\u00e9rique\" class=\"rev-slidebg tp-rs-img rs-lazyload\" data-lazyload=\"\/\/www.jamonespinela.es\/wp-content\/uploads\/2015\/04\/lomoiberico1.jpg\" data-bg=\"p:center top;\" data-no-retina>\n<!---->\t\t\t\t\t<\/rs-slide>\n\t\t\t\t\t\t<rs-slide style=\"position: absolute;\" data-key=\"rs-33\" data-title=\"Slide\" data-link=\"\/lomo-de-cebo-iberico\" data-tag=\"l\" data-target=\"_self\" data-seoz=\"front\" data-duration=\"4000\" data-anim=\"ms:1500;\" data-in=\"x:100%;\">\n\t\t\t\t\t\t\t<img decoding=\"async\" src=\"\/\/www.jamonespinela.es\/wp-content\/plugins\/revslider\/sr6\/assets\/assets\/dummy.png\" alt=\"\" title=\"Lomo Ib\u00e9rique\" class=\"rev-slidebg tp-rs-img rs-lazyload\" data-lazyload=\"\/\/www.jamonespinela.es\/wp-content\/uploads\/2015\/04\/lomoiberico4.jpg\" data-bg=\"p:center top;\" data-no-retina>\n<!---->\t\t\t\t\t<\/rs-slide>\n\t\t\t\t\t<\/rs-slides>\n\t\t\t\t<\/rs-module>\n\t\t\t\t<script>\n\t\t\t\t\tsetREVStartSize({c: 'rev_slider_7_3',rl:[1240,1024,768,480],el:[200],gw:[275],gh:[200],type:'standard',justify:'',layout:'fullwidth',mh:\"0\"});if (window.RS_MODULES!==undefined && window.RS_MODULES.modules!==undefined && window.RS_MODULES.modules[\"revslider73\"]!==undefined) {window.RS_MODULES.modules[\"revslider73\"].once = false;window.revapi7_3 = undefined;if (window.RS_MODULES.checkMinimal!==undefined) window.RS_MODULES.checkMinimal()}\n\t\t\t\t<\/script>\n\t\t\t<\/rs-module-wrap>\n\t\t\t<!-- END REVOLUTION SLIDER -->\n[\/vc_column_text][\/vc_column_inner][vc_column_inner width=\u00a0\u00bb1\/2&Prime;][vc_column_text]<strong>Code EAN 13:<\/strong> 843700648740 C<br \/>\n<strong>Poids approx. par unit\u00e9:<\/strong> 1-1,5 Kg<br \/>\n<strong>Unit\u00e9s par bo\u00eete:<\/strong> 6<br \/>\n<strong>Boites de 6 unit\u00e9s par palette:<\/strong> 28[\/vc_column_text][\/vc_column_inner][\/vc_row_inner][vc_row_inner][vc_column_inner width=\u00a0\u00bb1\/2&Prime;][vc_column_text]<b>DESCRIPTION:<\/b><\/p>\n<p>Produit: LOMO OU LONGE ( muscle du dos de porc)<\/p>\n<p>Race: IB\u00c9RIQUE<\/p>\n<p>Alimentation: CEBO (\u00e0 base de fourrage et de l\u00e9gumes)<\/p>\n<p>Temp d\u00b4\u00e9laboration: 80-100 journ\u00e9es.<\/p>\n<p>[\/vc_column_text][\/vc_column_inner][\/vc_row_inner][vc_row_inner][vc_column_inner width=\u00a0\u00bb1\/1&Prime;][vc_column_text]<strong>PR\u00c9SENTATION:<\/strong><\/p>\n<p>Emball\u00e9 sous vide et conditionn\u00e9 dans des bo\u00eetes en carton.<\/p>\n<p><strong>DATE LIMITE DE CONSOMMATION<\/strong>: 6 mois \u00e0 partir de la date d\u00b4\u00e9mission.<\/p>\n<p><strong>CONDITIONS DE CONSOMMATION<\/strong><\/p>\n<p>Nous recommandons son utilisation sans aucun traitement et \u00e0 temp\u00e9rature ambiante. Retirer de r\u00e9frig\u00e9rateur le temps suffisant jusqu&rsquo;\u00e0 ce que j&rsquo;ai atteint \u00e0 peu pr\u00e8s temp\u00e9rature de 20\u00baC.[\/vc_column_text][\/vc_column_inner][\/vc_row_inner][\/vc_column][\/vc_row]<\/p>","protected":false},"excerpt":{"rendered":"<p>[vc_row][vc_column width=\u00a0\u00bb1\/1&Prime;][vc_row_inner][vc_column_inner width=\u00a0\u00bb1\/1&Prime;][vc_column_text][\/vc_column_text][\/vc_column_inner][\/vc_row_inner][vc_row_inner][vc_column_inner width=\u00a0\u00bb1\/2&Prime;][vc_column_text][\/vc_column_text][\/vc_column_inner][vc_column_inner width=\u00a0\u00bb1\/2&Prime;][vc_column_text]Code EAN 13: 843700648740 C Poids approx. par unit\u00e9: 1-1,5 Kg Unit\u00e9s par bo\u00eete: 6 Boites de 6 unit\u00e9s par palette: 28[\/vc_column_text][\/vc_column_inner][\/vc_row_inner][vc_row_inner][vc_column_inner width=\u00a0\u00bb1\/2&Prime;][vc_column_text]DESCRIPTION: Produit: LOMO OU LONGE ( muscle du dos de porc) Race: IB\u00c9RIQUE Alimentation: CEBO (\u00e0 base de fourrage et de l\u00e9gumes) Temp d\u00b4\u00e9laboration: 80-100 journ\u00e9es. [\/vc_column_text][\/vc_column_inner][\/vc_row_inner][vc_row_inner][vc_column_inner width=\u00a0\u00bb1\/1&Prime;][vc_column_text]PR\u00c9SENTATION: Emball\u00e9 [&hellip;]<\/p>\n","protected":false},"author":1,"featured_media":0,"parent":0,"menu_order":0,"comment_status":"closed","ping_status":"open","template":"","meta":{"footnotes":""},"class_list":["post-138","page","type-page","status-publish","hentry"],"_links":{"self":[{"href":"https:\/\/www.jamonespinela.es\/fr\/wp-json\/wp\/v2\/pages\/138","targetHints":{"allow":["GET"]}}],"collection":[{"href":"https:\/\/www.jamonespinela.es\/fr\/wp-json\/wp\/v2\/pages"}],"about":[{"href":"https:\/\/www.jamonespinela.es\/fr\/wp-json\/wp\/v2\/types\/page"}],"author":[{"embeddable":true,"href":"https:\/\/www.jamonespinela.es\/fr\/wp-json\/wp\/v2\/users\/1"}],"replies":[{"embeddable":true,"href":"https:\/\/www.jamonespinela.es\/fr\/wp-json\/wp\/v2\/comments?post=138"}],"version-history":[{"count":12,"href":"https:\/\/www.jamonespinela.es\/fr\/wp-json\/wp\/v2\/pages\/138\/revisions"}],"predecessor-version":[{"id":447,"href":"https:\/\/www.jamonespinela.es\/fr\/wp-json\/wp\/v2\/pages\/138\/revisions\/447"}],"wp:attachment":[{"href":"https:\/\/www.jamonespinela.es\/fr\/wp-json\/wp\/v2\/media?parent=138"}],"curies":[{"name":"wp","href":"https:\/\/api.w.org\/{rel}","templated":true}]}}