{"id":324,"date":"2020-11-28T17:10:39","date_gmt":"2020-11-28T16:10:39","guid":{"rendered":"https:\/\/www.jamonespinela.es\/carrito\/"},"modified":"2021-02-10T20:19:41","modified_gmt":"2021-02-10T19:19:41","slug":"carrito","status":"publish","type":"page","link":"https:\/\/www.jamonespinela.es\/fr\/carrito\/","title":{"rendered":"Carrito"},"content":{"rendered":"","protected":false},"excerpt":{"rendered":"D\u00e9sol\u00e9, cet article est seulement disponible en Espa\u00f1ol et English.","protected":false},"author":1,"featured_media":0,"parent":0,"menu_order":0,"comment_status":"closed","ping_status":"closed","template":"","meta":{"footnotes":""},"class_list":["post-324","page","type-page","status-publish","hentry"],"_links":{"self":[{"href":"https:\/\/www.jamonespinela.es\/fr\/wp-json\/wp\/v2\/pages\/324","targetHints":{"allow":["GET"]}}],"collection":[{"href":"https:\/\/www.jamonespinela.es\/fr\/wp-json\/wp\/v2\/pages"}],"about":[{"href":"https:\/\/www.jamonespinela.es\/fr\/wp-json\/wp\/v2\/types\/page"}],"author":[{"embeddable":true,"href":"https:\/\/www.jamonespinela.es\/fr\/wp-json\/wp\/v2\/users\/1"}],"replies":[{"embeddable":true,"href":"https:\/\/www.jamonespinela.es\/fr\/wp-json\/wp\/v2\/comments?post=324"}],"version-history":[{"count":1,"href":"https:\/\/www.jamonespinela.es\/fr\/wp-json\/wp\/v2\/pages\/324\/revisions"}],"predecessor-version":[{"id":449,"href":"https:\/\/www.jamonespinela.es\/fr\/wp-json\/wp\/v2\/pages\/324\/revisions\/449"}],"wp:attachment":[{"href":"https:\/\/www.jamonespinela.es\/fr\/wp-json\/wp\/v2\/media?parent=324"}],"curies":[{"name":"wp","href":"https:\/\/api.w.org\/{rel}","templated":true}]}}