{"id":344,"date":"2020-12-22T19:18:37","date_gmt":"2020-12-22T18:18:37","guid":{"rendered":"https:\/\/www.jamonespinela.es\/?page_id=344"},"modified":"2022-06-28T01:24:56","modified_gmt":"2022-06-27T23:24:56","slug":"condiciones-de-venta","status":"publish","type":"page","link":"https:\/\/www.jamonespinela.es\/fr\/condiciones-de-venta\/","title":{"rendered":"(Espa\u00f1ol) Condiciones de Venta"},"content":{"rendered":"<p class=\"qtranxs-available-languages-message qtranxs-available-languages-message-fr\">D\u00e9sol\u00e9, cet article est seulement disponible en <a href=\"https:\/\/www.jamonespinela.es\/es\/wp-json\/wp\/v2\/pages\/344\" class=\"qtranxs-available-language-link qtranxs-available-language-link-es\" title=\"Espa\u00f1ol\">Espa\u00f1ol<\/a>.<\/p>","protected":false},"excerpt":{"rendered":"<p>D\u00e9sol\u00e9, cet article est seulement disponible en Espa\u00f1ol.<\/p>\n","protected":false},"author":2,"featured_media":0,"parent":0,"menu_order":0,"comment_status":"closed","ping_status":"closed","template":"","meta":{"footnotes":""},"class_list":["post-344","page","type-page","status-publish","hentry"],"_links":{"self":[{"href":"https:\/\/www.jamonespinela.es\/fr\/wp-json\/wp\/v2\/pages\/344","targetHints":{"allow":["GET"]}}],"collection":[{"href":"https:\/\/www.jamonespinela.es\/fr\/wp-json\/wp\/v2\/pages"}],"about":[{"href":"https:\/\/www.jamonespinela.es\/fr\/wp-json\/wp\/v2\/types\/page"}],"author":[{"embeddable":true,"href":"https:\/\/www.jamonespinela.es\/fr\/wp-json\/wp\/v2\/users\/2"}],"replies":[{"embeddable":true,"href":"https:\/\/www.jamonespinela.es\/fr\/wp-json\/wp\/v2\/comments?post=344"}],"version-history":[{"count":5,"href":"https:\/\/www.jamonespinela.es\/fr\/wp-json\/wp\/v2\/pages\/344\/revisions"}],"predecessor-version":[{"id":606,"href":"https:\/\/www.jamonespinela.es\/fr\/wp-json\/wp\/v2\/pages\/344\/revisions\/606"}],"wp:attachment":[{"href":"https:\/\/www.jamonespinela.es\/fr\/wp-json\/wp\/v2\/media?parent=344"}],"curies":[{"name":"wp","href":"https:\/\/api.w.org\/{rel}","templated":true}]}}